{"id":1093,"date":"2022-11-08T07:26:38","date_gmt":"2022-11-08T07:26:38","guid":{"rendered":"https:\/\/royaltownkotor.com\/cerez-politikasi\/"},"modified":"2023-03-16T09:16:09","modified_gmt":"2023-03-16T09:16:09","slug":"cerez-politikasi","status":"publish","type":"page","link":"https:\/\/royaltownkotor.com\/tr\/cerez-politikasi\/","title":{"rendered":"\u00c7erez politikas\u0131"},"content":{"rendered":"<p>Bu \u00c7erez Politikas\u0131, www.royaltownkotor.com web sitesinde (\u201cSite\u201d) hangi t\u00fcr \u00e7erezlerin hangi ama\u00e7larla kullan\u0131ld\u0131\u011f\u0131 konusunda sizi bilgilendirmek ve \u00e7erezlere ili\u015fkin tercihlerinizi nas\u0131l y\u00f6netebilece\u011finizi a\u00e7\u0131klamak amac\u0131yla haz\u0131rlanm\u0131\u015ft\u0131r. Tan\u0131mlama bilgileri, ziyaret etti\u011finiz web siteleri taraf\u0131ndan taray\u0131c\u0131lar arac\u0131l\u0131\u011f\u0131yla cihaz\u0131n\u0131zda veya a\u011f sunucunuzda saklanan k\u00fc\u00e7\u00fck metin dosyalar\u0131d\u0131r. Tan\u0131mlama bilgileri, ziyaret etti\u011finiz web sitesiyle ili\u015fkili sunucular taraf\u0131ndan olu\u015fturulur. \u00c7erezler, ziyaret\u00e7iler hakk\u0131nda ad, cinsiyet veya adres gibi ki\u015fisel veriler i\u00e7ermez. Web Sitesinde yer alan \u00e7erezler a\u015fa\u011f\u0131daki ama\u00e7larla kullan\u0131lmaktad\u0131r:<\/p>\n<ul>\n<li>Ziyaret\u00e7ilerin davran\u0131\u015flar\u0131n\u0131 analiz etmek ve web sitesinin performans\u0131n\u0131 art\u0131rmak.<\/li>\n<li>Web Sitesinin i\u015flevselli\u011fini geli\u015ftirmek ve kullan\u0131m kolayl\u0131\u011f\u0131 sa\u011flamak.<\/li>\n<li>Ki\u015fiselle\u015ftirme, hedefleme ve reklam faaliyetlerini ger\u00e7ekle\u015ftirmek.<\/li>\n<\/ul>\n<p>Bu ama\u00e7lar\u0131 yerine getirmek i\u00e7in \u00e7erezler, sizinle ilgili baz\u0131 bilgileri hat\u0131rlar ve bu ama\u00e7lar\u0131 yerine getirmemizi sa\u011flar. \u0130nternet sitesinde; \u2013 Web Sitesine eri\u015fim sa\u011flamak ve Web Sitesinin tercihlerinize uygun \u00e7al\u0131\u015fmas\u0131n\u0131 sa\u011flamak i\u00e7in oturum, kullan\u0131c\u0131 kimli\u011fi ve g\u00fcvenlik tipi temel \u00e7erezler, \u2013 Dil, konum, mobil, son ziyaret ve sayfa ge\u00e7mi\u015fi t\u00fcr\u00fcnde tercih \u00e7erezleri yani \u00e7evrimi\u00e7i davran\u0131\u015f ve tercihlerinizi \u00f6\u011frenebilece\u011fimiz, \u2013 Web Sitesini kullan\u0131m\u0131n\u0131z hakk\u0131nda bilgi toplamak i\u00e7in Google Analytics t\u00fcr\u00fcndeki Analytics \u00e7erezleri, \u2013 Web Sitesinde ger\u00e7ekle\u015ftirilecek kampanyalar kapsam\u0131nda pazarlama \u00e7erezleri mevcuttur. A\u015fa\u011f\u0131da Web Sitesinde bulunan \u00e7erezlerin bir listesini bulabilirsiniz:<\/p>\n<ul>\n<li aria-level=\"1\"><b>PHPSESSID<\/b>: Web Sitesini ziyaret eden ki\u015fiyi tan\u0131mlar ve site a\u00e7\u0131k kald\u0131\u011f\u0131 s\u00fcrece ziyaret\u00e7i bilgilerini sistemde tutar.<\/li>\n<li aria-level=\"1\"><b>_ga<\/b>: Google Analytics taraf\u0131ndan ziyaretin amac\u0131n\u0131 de\u011ferlendirmek, web sitesi operat\u00f6rleri i\u00e7in web sitesi etkinli\u011fi hakk\u0131nda raporlar derlemek ve Web Sitesi deneyimini iyile\u015ftirmek i\u00e7in kullan\u0131l\u0131r.<\/li>\n<li aria-level=\"1\"><b>_gid<\/b>: Google Analytics taraf\u0131ndan, ziyaret\u00e7ilerin Web Sitesini nas\u0131l kulland\u0131klar\u0131 hakk\u0131nda bilgi depolamak ve Web Sitesinin nas\u0131l \u00e7al\u0131\u015ft\u0131\u011f\u0131na dair analitik bir rapor olu\u015fturmaya yard\u0131mc\u0131 olmak i\u00e7in kullan\u0131l\u0131r. Toplanan veriler, ziyaret\u00e7i say\u0131s\u0131, geldikleri kaynak, anonim olarak ziyaret edilen ve ki\u015fisel veri i\u00e7ermeyen sayfalar gibi bilgileri takip eder. <\/li>\n<\/ul>\n<p>Ziyaret\u00e7iler, taray\u0131c\u0131 ayarlar\u0131n\u0131 de\u011fi\u015ftirerek \u00e7erez tercihlerini \u00f6zelle\u015ftirme f\u0131rsat\u0131na sahiptir. B\u00f6ylece taray\u0131c\u0131n\u0131n sundu\u011fu olanaklara g\u00f6re farkl\u0131l\u0131k g\u00f6sterebilmekle birlikte ziyaret\u00e7iler \u00e7erez kullan\u0131m\u0131n\u0131 engelleme, \u00e7erez kullan\u0131m\u0131ndan \u00f6nce uyar\u0131 almay\u0131 se\u00e7me veya bulduklar\u0131 baz\u0131 \u00e7erezleri devre d\u0131\u015f\u0131 b\u0131rakma veya silme imkanlar\u0131na sahiptir. <\/p>\n","protected":false},"excerpt":{"rendered":"<p>Bu \u00c7erez Politikas\u0131, www.royaltownkotor.com web sitesinde (\u201cSite\u201d) hangi t\u00fcr \u00e7erezlerin hangi ama\u00e7larla kullan\u0131ld\u0131\u011f\u0131 konusunda sizi bilgilendirmek ve \u00e7erezlere ili\u015fkin tercihlerinizi nas\u0131l y\u00f6netebilece\u011finizi a\u00e7\u0131klamak amac\u0131yla haz\u0131rlanm\u0131\u015ft\u0131r. Tan\u0131mlama bilgileri, ziyaret etti\u011finiz web&#8230;<\/p>\n","protected":false},"author":2,"featured_media":0,"parent":0,"menu_order":0,"comment_status":"closed","ping_status":"closed","template":"","meta":{"footnotes":""},"class_list":["post-1093","page","type-page","status-publish"],"yoast_head":"<!-- This site is optimized with the Yoast SEO plugin v26.9 - https:\/\/yoast.com\/product\/yoast-seo-wordpress\/ -->\n<title>\u00c7erez politikas\u0131 - Royal Town Kotor<\/title>\n<meta name=\"robots\" content=\"index, follow, max-snippet:-1, max-image-preview:large, max-video-preview:-1\" \/>\n<link rel=\"canonical\" href=\"https:\/\/royaltownkotor.com\/tr\/cerez-politikasi\/\" \/>\n<meta property=\"og:locale\" content=\"tr_TR\" \/>\n<meta property=\"og:type\" content=\"article\" \/>\n<meta property=\"og:title\" content=\"\u00c7erez politikas\u0131 - Royal Town Kotor\" \/>\n<meta property=\"og:description\" content=\"Bu \u00c7erez Politikas\u0131, www.royaltownkotor.com web sitesinde (\u201cSite\u201d) hangi t\u00fcr \u00e7erezlerin hangi ama\u00e7larla kullan\u0131ld\u0131\u011f\u0131 konusunda sizi bilgilendirmek ve \u00e7erezlere ili\u015fkin tercihlerinizi nas\u0131l y\u00f6netebilece\u011finizi a\u00e7\u0131klamak amac\u0131yla haz\u0131rlanm\u0131\u015ft\u0131r. Tan\u0131mlama bilgileri, ziyaret etti\u011finiz web...\" \/>\n<meta property=\"og:url\" content=\"https:\/\/royaltownkotor.com\/tr\/cerez-politikasi\/\" \/>\n<meta property=\"og:site_name\" content=\"Royal Town Kotor\" \/>\n<meta property=\"article:modified_time\" content=\"2023-03-16T09:16:09+00:00\" \/>\n<meta name=\"twitter:card\" content=\"summary_large_image\" \/>\n<meta name=\"twitter:label1\" content=\"Tahmini okuma s\u00fcresi\" \/>\n\t<meta name=\"twitter:data1\" content=\"2 dakika\" \/>\n<script type=\"application\/ld+json\" class=\"yoast-schema-graph\">{\"@context\":\"https:\/\/schema.org\",\"@graph\":[{\"@type\":\"WebPage\",\"@id\":\"https:\/\/royaltownkotor.com\/tr\/cerez-politikasi\/\",\"url\":\"https:\/\/royaltownkotor.com\/tr\/cerez-politikasi\/\",\"name\":\"\u00c7erez politikas\u0131 - Royal Town Kotor\",\"isPartOf\":{\"@id\":\"https:\/\/royaltownkotor.com\/tr\/#website\"},\"datePublished\":\"2022-11-08T07:26:38+00:00\",\"dateModified\":\"2023-03-16T09:16:09+00:00\",\"breadcrumb\":{\"@id\":\"https:\/\/royaltownkotor.com\/tr\/cerez-politikasi\/#breadcrumb\"},\"inLanguage\":\"tr\",\"potentialAction\":[{\"@type\":\"ReadAction\",\"target\":[\"https:\/\/royaltownkotor.com\/tr\/cerez-politikasi\/\"]}]},{\"@type\":\"BreadcrumbList\",\"@id\":\"https:\/\/royaltownkotor.com\/tr\/cerez-politikasi\/#breadcrumb\",\"itemListElement\":[{\"@type\":\"ListItem\",\"position\":1,\"name\":\"Home\",\"item\":\"https:\/\/royaltownkotor.com\/tr\/\"},{\"@type\":\"ListItem\",\"position\":2,\"name\":\"\u00c7erez politikas\u0131\"}]},{\"@type\":\"WebSite\",\"@id\":\"https:\/\/royaltownkotor.com\/tr\/#website\",\"url\":\"https:\/\/royaltownkotor.com\/tr\/\",\"name\":\"Royal Town Kotor\",\"description\":\"Serviced Apartment Concept \",\"publisher\":{\"@id\":\"https:\/\/royaltownkotor.com\/tr\/#organization\"},\"potentialAction\":[{\"@type\":\"SearchAction\",\"target\":{\"@type\":\"EntryPoint\",\"urlTemplate\":\"https:\/\/royaltownkotor.com\/tr\/?s={search_term_string}\"},\"query-input\":{\"@type\":\"PropertyValueSpecification\",\"valueRequired\":true,\"valueName\":\"search_term_string\"}}],\"inLanguage\":\"tr\"},{\"@type\":\"Organization\",\"@id\":\"https:\/\/royaltownkotor.com\/tr\/#organization\",\"name\":\"Royal Town Kotor\",\"url\":\"https:\/\/royaltownkotor.com\/tr\/\",\"logo\":{\"@type\":\"ImageObject\",\"inLanguage\":\"tr\",\"@id\":\"https:\/\/royaltownkotor.com\/tr\/#\/schema\/logo\/image\/\",\"url\":\"https:\/\/royaltownkotor.com\/wp-content\/uploads\/2022\/10\/Royal-Town-Kotor-Logo-koyu-yatay-web.png\",\"contentUrl\":\"https:\/\/royaltownkotor.com\/wp-content\/uploads\/2022\/10\/Royal-Town-Kotor-Logo-koyu-yatay-web.png\",\"width\":2597,\"height\":508,\"caption\":\"Royal Town Kotor\"},\"image\":{\"@id\":\"https:\/\/royaltownkotor.com\/tr\/#\/schema\/logo\/image\/\"}}]}<\/script>\n<!-- \/ Yoast SEO plugin. -->","yoast_head_json":{"title":"\u00c7erez politikas\u0131 - Royal Town Kotor","robots":{"index":"index","follow":"follow","max-snippet":"max-snippet:-1","max-image-preview":"max-image-preview:large","max-video-preview":"max-video-preview:-1"},"canonical":"https:\/\/royaltownkotor.com\/tr\/cerez-politikasi\/","og_locale":"tr_TR","og_type":"article","og_title":"\u00c7erez politikas\u0131 - Royal Town Kotor","og_description":"Bu \u00c7erez Politikas\u0131, www.royaltownkotor.com web sitesinde (\u201cSite\u201d) hangi t\u00fcr \u00e7erezlerin hangi ama\u00e7larla kullan\u0131ld\u0131\u011f\u0131 konusunda sizi bilgilendirmek ve \u00e7erezlere ili\u015fkin tercihlerinizi nas\u0131l y\u00f6netebilece\u011finizi a\u00e7\u0131klamak amac\u0131yla haz\u0131rlanm\u0131\u015ft\u0131r. Tan\u0131mlama bilgileri, ziyaret etti\u011finiz web...","og_url":"https:\/\/royaltownkotor.com\/tr\/cerez-politikasi\/","og_site_name":"Royal Town Kotor","article_modified_time":"2023-03-16T09:16:09+00:00","twitter_card":"summary_large_image","twitter_misc":{"Tahmini okuma s\u00fcresi":"2 dakika"},"schema":{"@context":"https:\/\/schema.org","@graph":[{"@type":"WebPage","@id":"https:\/\/royaltownkotor.com\/tr\/cerez-politikasi\/","url":"https:\/\/royaltownkotor.com\/tr\/cerez-politikasi\/","name":"\u00c7erez politikas\u0131 - Royal Town Kotor","isPartOf":{"@id":"https:\/\/royaltownkotor.com\/tr\/#website"},"datePublished":"2022-11-08T07:26:38+00:00","dateModified":"2023-03-16T09:16:09+00:00","breadcrumb":{"@id":"https:\/\/royaltownkotor.com\/tr\/cerez-politikasi\/#breadcrumb"},"inLanguage":"tr","potentialAction":[{"@type":"ReadAction","target":["https:\/\/royaltownkotor.com\/tr\/cerez-politikasi\/"]}]},{"@type":"BreadcrumbList","@id":"https:\/\/royaltownkotor.com\/tr\/cerez-politikasi\/#breadcrumb","itemListElement":[{"@type":"ListItem","position":1,"name":"Home","item":"https:\/\/royaltownkotor.com\/tr\/"},{"@type":"ListItem","position":2,"name":"\u00c7erez politikas\u0131"}]},{"@type":"WebSite","@id":"https:\/\/royaltownkotor.com\/tr\/#website","url":"https:\/\/royaltownkotor.com\/tr\/","name":"Royal Town Kotor","description":"Serviced Apartment Concept ","publisher":{"@id":"https:\/\/royaltownkotor.com\/tr\/#organization"},"potentialAction":[{"@type":"SearchAction","target":{"@type":"EntryPoint","urlTemplate":"https:\/\/royaltownkotor.com\/tr\/?s={search_term_string}"},"query-input":{"@type":"PropertyValueSpecification","valueRequired":true,"valueName":"search_term_string"}}],"inLanguage":"tr"},{"@type":"Organization","@id":"https:\/\/royaltownkotor.com\/tr\/#organization","name":"Royal Town Kotor","url":"https:\/\/royaltownkotor.com\/tr\/","logo":{"@type":"ImageObject","inLanguage":"tr","@id":"https:\/\/royaltownkotor.com\/tr\/#\/schema\/logo\/image\/","url":"https:\/\/royaltownkotor.com\/wp-content\/uploads\/2022\/10\/Royal-Town-Kotor-Logo-koyu-yatay-web.png","contentUrl":"https:\/\/royaltownkotor.com\/wp-content\/uploads\/2022\/10\/Royal-Town-Kotor-Logo-koyu-yatay-web.png","width":2597,"height":508,"caption":"Royal Town Kotor"},"image":{"@id":"https:\/\/royaltownkotor.com\/tr\/#\/schema\/logo\/image\/"}}]}},"_links":{"self":[{"href":"https:\/\/royaltownkotor.com\/tr\/wp-json\/wp\/v2\/pages\/1093","targetHints":{"allow":["GET"]}}],"collection":[{"href":"https:\/\/royaltownkotor.com\/tr\/wp-json\/wp\/v2\/pages"}],"about":[{"href":"https:\/\/royaltownkotor.com\/tr\/wp-json\/wp\/v2\/types\/page"}],"author":[{"embeddable":true,"href":"https:\/\/royaltownkotor.com\/tr\/wp-json\/wp\/v2\/users\/2"}],"replies":[{"embeddable":true,"href":"https:\/\/royaltownkotor.com\/tr\/wp-json\/wp\/v2\/comments?post=1093"}],"version-history":[{"count":1,"href":"https:\/\/royaltownkotor.com\/tr\/wp-json\/wp\/v2\/pages\/1093\/revisions"}],"predecessor-version":[{"id":1094,"href":"https:\/\/royaltownkotor.com\/tr\/wp-json\/wp\/v2\/pages\/1093\/revisions\/1094"}],"wp:attachment":[{"href":"https:\/\/royaltownkotor.com\/tr\/wp-json\/wp\/v2\/media?parent=1093"}],"curies":[{"name":"wp","href":"https:\/\/api.w.org\/{rel}","templated":true}]}}